{"id":411,"date":"2024-02-18T09:45:15","date_gmt":"2024-02-18T08:45:15","guid":{"rendered":"http:\/\/www.hsw-kuznia.pl\/?page_id=411"},"modified":"2026-02-10T11:32:51","modified_gmt":"2026-02-10T10:32:51","slug":"o-firmie","status":"publish","type":"page","link":"http:\/\/www.hsw-kuznia.pl\/pl\/o-firmie\/","title":{"rendered":"O FIRMIE"},"content":{"rendered":"<table border=\"0\" width=\"500\" cellspacing=\"3\" cellpadding=\"5\" align=\"center\">\n<tbody>\n<tr bgcolor=\"#f3f3f3\">\n<td colspan=\"2\" bgcolor=\"#f3f3f3\" width=\"100%\">\n<p text = \"indent\">HSW &#8211; Ku\u017ania Stalowa Wola Sp. z o.o. jest czo\u0142owym producentem odkuwek kutych swobodnie. Szeroki asortyment wyrob\u00f3w wykonywany jest na prasach hydraulicznych 25 MN i 10 MN oraz na m\u0142otach 2000, 1500, 1000 i 750 kg. Urz\u0105dzenia produkcyjne wsp\u00f3\u0142pracuj\u0105 z manipulatorami ku\u017aniczymi. Warunki sprzeda\u017cy s\u0105 dost\u0119pne <a href=\"http:\/\/www.hsw-kuznia.pl\/warunki-sprzedazy\/\" target=\"_self\" rel=\"noopener\">tutaj.<\/a>\n<\/p>\n<p>Wyroby swobodnie kute produkowane s\u0105 ze stali stopowych i w\u0119glowych wed\u0142ug warunk\u00f3w technicznych okre\u015blonych w normach: EN, PN, ASTM, BS i innych, z mo\u017cliwo\u015bci\u0105 odbioru drugiego stopnia T\u00dcV, DNV, BV, ABS, UDT,\u00a0PRS, GL, LRS, CARGO.\n<\/p>\n<p>Wsadem do produkcji wyrob\u00f3w swobodnie kutych s\u0105 wlewki stalownicze i k\u0119siska walcowane ze stali stopowych i w\u0119glowych, wytwarzanych w piecach elektrycznych \u0142ukowych z zastosowaniem obr\u00f3bek pozapiecowych w tym odgazowania pr\u00f3\u017cniowego.\n<\/p>\n<p>Odkuwki poddawane s\u0105 obr\u00f3bce cieplnej: wy\u017carzaniu zmi\u0119kczaj\u0105cemu, normalizowaniu, ulepszaniu cieplnemu, przesycaniu. Powierzchnia wyrob\u00f3w mo\u017ce by\u0107 surowa (po procesie kucia) lub obrobiona mechanicznie (toczenie, frezowanie, struganie, wiercenie otwor\u00f3w).\n<\/p>\n<p>Przed wysy\u0142k\u0105 przeprowadzane s\u0105 badania w\u0142asno\u015bci mechanicznych, ultrad\u017awi\u0119kowym i innym wg wymaga\u0144 okre\u015blonych w zam\u00f3wieniu. HSW &#8211; Ku\u017ania Stalowa Wola Sp. z o.o. realizuje zam\u00f3wienia na odkuwki swobodnie kute w przedziale wagowym od 10 kg do 14 Mg.\n<\/p>\n<p>Odbiorcami s\u0105 firmy z przemys\u0142u maszynowego, energetycznego, stoczniowego, zbrojeniowego, g\u00f3rnictwa, wiertnictwa, \u015brodk\u00f3w transportu i innych.\n<\/p>\n<\/td>\n<\/tr>\n<tr bgcolor=\"#f3f3f3\">\n<td bgcolor=\"#f3f3f3\"width=\"50%\"><a href=\"http:\/\/www.hsw-kuznia.pl\/wp-content\/uploads\/2024\/02\/hsw-z1.jpg\" data-lbwps-width=\"400\" data-lbwps-height=\"267\" data-lbwps-srcsmall=\"https:\/\/www.hsw-kuznia.pl\/wp-content\/uploads\/2024\/02\/hsw-z1.jpg\"><img decoding=\"async\" class=\"alignright\" src=\"http:\/\/www.hsw-kuznia.pl\/wp-content\/uploads\/2024\/02\/hsw-z1.jpg\" alt=\"HSW Ku\u017ania\" width=\"100%\" height=\"100%\" \/><\/a><\/td>\n<td bgcolor=\"#f3f3f3\" width=\"50%\"><a href=\"http:\/\/www.hsw-kuznia.pl\/wp-content\/uploads\/2024\/02\/hsw-z2.jpg\" data-lbwps-width=\"400\" data-lbwps-height=\"267\" data-lbwps-srcsmall=\"https:\/\/www.hsw-kuznia.pl\/wp-content\/uploads\/2024\/02\/hsw-z2.jpg\"><img decoding=\"async\" class=\"alignright\" src=\"http:\/\/www.hsw-kuznia.pl\/wp-content\/uploads\/2024\/02\/hsw-z2.jpg\" alt=\"HSW Ku\u017ania\" width=\"100%\" height=\"100%\" \/><\/a><\/td>\n<\/tr>\n<\/tbody>\n<\/table>\n","protected":false},"excerpt":{"rendered":"<p>HSW &#8211; Ku\u017ania Stalowa Wola Sp. z o.o. jest czo\u0142owym producentem odkuwek kutych swobodnie. Szeroki asortyment wyrob\u00f3w wykonywany jest na prasach hydraulicznych 25 MN i 10 MN oraz na m\u0142otach &hellip; <\/p>\n","protected":false},"author":1,"featured_media":373,"parent":0,"menu_order":0,"comment_status":"closed","ping_status":"closed","template":"","meta":{"om_disable_all_campaigns":false,"footnotes":""},"class_list":["post-411","page","type-page","status-publish","has-post-thumbnail","hentry"],"_links":{"self":[{"href":"http:\/\/www.hsw-kuznia.pl\/pl\/wp-json\/wp\/v2\/pages\/411","targetHints":{"allow":["GET"]}}],"collection":[{"href":"http:\/\/www.hsw-kuznia.pl\/pl\/wp-json\/wp\/v2\/pages"}],"about":[{"href":"http:\/\/www.hsw-kuznia.pl\/pl\/wp-json\/wp\/v2\/types\/page"}],"author":[{"embeddable":true,"href":"http:\/\/www.hsw-kuznia.pl\/pl\/wp-json\/wp\/v2\/users\/1"}],"replies":[{"embeddable":true,"href":"http:\/\/www.hsw-kuznia.pl\/pl\/wp-json\/wp\/v2\/comments?post=411"}],"version-history":[{"count":38,"href":"http:\/\/www.hsw-kuznia.pl\/pl\/wp-json\/wp\/v2\/pages\/411\/revisions"}],"predecessor-version":[{"id":1157,"href":"http:\/\/www.hsw-kuznia.pl\/pl\/wp-json\/wp\/v2\/pages\/411\/revisions\/1157"}],"wp:featuredmedia":[{"embeddable":true,"href":"http:\/\/www.hsw-kuznia.pl\/pl\/wp-json\/wp\/v2\/media\/373"}],"wp:attachment":[{"href":"http:\/\/www.hsw-kuznia.pl\/pl\/wp-json\/wp\/v2\/media?parent=411"}],"curies":[{"name":"wp","href":"https:\/\/api.w.org\/{rel}","templated":true}]}}