{"id":409,"date":"2024-02-18T09:44:57","date_gmt":"2024-02-18T08:44:57","guid":{"rendered":"http:\/\/www.hsw-kuznia.pl\/?page_id=409"},"modified":"2026-03-23T08:01:08","modified_gmt":"2026-03-23T07:01:08","slug":"nasza-oferta","status":"publish","type":"page","link":"https:\/\/www.hsw-kuznia.pl\/pl\/nasza-oferta\/","title":{"rendered":"NASZA OFERTA"},"content":{"rendered":"<p><head><br \/>\n<!-- Google tag (gtag.js) --> <script async src=\"https:\/\/www.googletagmanager.com\/gtag\/js?id=AW-1047943270\"><\/script> <script> window.dataLayer = window.dataLayer || []; function gtag(){dataLayer.push(arguments);} gtag('js', new Date()); gtag('config', 'AW-1047943270'); <\/script><br \/>\n<\/head><\/p>\n<table border=\"0\" width=\"500\" cellspacing=\"3\" cellpadding=\"5\" align=\"center\">\n<tbody>\n<tr bgcolor=\"#f3f3f3\">\n<td bgcolor=\"#f3f3f3\" width=\"50%\"><strong>Oferujemy odkuwki:<\/strong><br \/>\n&#8211; walc\u00f3w, wa\u0142\u00f3w nap\u0119dowych<br \/>\n&#8211; wa\u0142\u00f3w ko\u0142nierzowych<br \/>\n&#8211; wa\u0142\u00f3w turbinowych i wirnikowych<br \/>\n&#8211; k\u00f3\u0142 z\u0119batych<br \/>\n&#8211; wa\u0142\u00f3w szybko i wolnoobrotowych<br \/>\n&#8211; piast, sworzni, tulei \u0142o\u017cyskowych<br \/>\n&#8211; trzon\u00f3w sterowych, nakr\u0119tek<br \/>\n&#8211; \u015bcian sitowych, ko\u0142nierzy g\u0142\u00f3wnych<br \/>\n&#8211; g\u0142owic gazowych, zasuw<br \/>\n&#8211; pr\u0119ty: okr\u0105g\u0142e, \u0142askie, kwadratowe<br \/>\n&#8211; pier\u015bcienie, tuleje, kr\u0105\u017cki, p\u0142yty, kostki<\/td>\n<td bgcolor=\"#f3f3f3\" width=\"50%\"><a href=\"http:\/\/www.hsw-kuznia.pl\/wp-content\/uploads\/2024\/02\/MG_9313-scaled-1.jpg\" data-lbwps-width=\"2560\" data-lbwps-height=\"1707\" data-lbwps-srcsmall=\"https:\/\/www.hsw-kuznia.pl\/wp-content\/uploads\/2024\/02\/MG_9313-scaled-1.jpg\"><img loading=\"lazy\" decoding=\"async\" class=\" wp-image-970 alignright\" src=\"http:\/\/www.hsw-kuznia.pl\/wp-content\/uploads\/2024\/02\/MG_9313-scaled-1.jpg\" alt=\"\" width=\"614\" height=\"409\" \/><\/a><\/td>\n<\/tr>\n<\/tbody>\n<\/table>\n<p><strong><\/p>\n<p style=\"text-align: left;\">Proponujemy wyroby o uznanej marce, charakteryzuj\u0105ce si\u0119 wysok\u0105 jako\u015bci\u0105, wykonane w kr\u00f3tkich terminach na dobrych warunkach handlowych.<\/p>\n<p><\/strong><\/p>\n<p class=\"tekst-bold\" align=\"justify\"><span class=\"tekst\"><strong>HSW &#8211; Ku\u017ania Stalowa Wola Sp. z o.o.<\/strong>\u00a0posiada CERTYFIKAT ISO 9001: 2000 w zakresie:<br \/>\n&#8211; produkcja pr\u0119t\u00f3w i odkuwek swobodnie kutych<br \/>\n&#8211; obr\u00f3bka cieplna i mechaniczna wyrob\u00f3w hutniczych<\/span><\/p>\n<p>&nbsp;<\/p>\n","protected":false},"excerpt":{"rendered":"<p>Oferujemy odkuwki: &#8211; walc\u00f3w, wa\u0142\u00f3w nap\u0119dowych &#8211; wa\u0142\u00f3w ko\u0142nierzowych &#8211; wa\u0142\u00f3w turbinowych i wirnikowych &#8211; k\u00f3\u0142 z\u0119batych &#8211; wa\u0142\u00f3w szybko i wolnoobrotowych &#8211; piast, sworzni, tulei \u0142o\u017cyskowych &#8211; trzon\u00f3w sterowych, &hellip; <\/p>\n","protected":false},"author":1,"featured_media":373,"parent":0,"menu_order":0,"comment_status":"closed","ping_status":"closed","template":"","meta":{"footnotes":""},"class_list":["post-409","page","type-page","status-publish","has-post-thumbnail","hentry"],"_links":{"self":[{"href":"https:\/\/www.hsw-kuznia.pl\/pl\/wp-json\/wp\/v2\/pages\/409","targetHints":{"allow":["GET"]}}],"collection":[{"href":"https:\/\/www.hsw-kuznia.pl\/pl\/wp-json\/wp\/v2\/pages"}],"about":[{"href":"https:\/\/www.hsw-kuznia.pl\/pl\/wp-json\/wp\/v2\/types\/page"}],"author":[{"embeddable":true,"href":"https:\/\/www.hsw-kuznia.pl\/pl\/wp-json\/wp\/v2\/users\/1"}],"replies":[{"embeddable":true,"href":"https:\/\/www.hsw-kuznia.pl\/pl\/wp-json\/wp\/v2\/comments?post=409"}],"version-history":[{"count":15,"href":"https:\/\/www.hsw-kuznia.pl\/pl\/wp-json\/wp\/v2\/pages\/409\/revisions"}],"predecessor-version":[{"id":1179,"href":"https:\/\/www.hsw-kuznia.pl\/pl\/wp-json\/wp\/v2\/pages\/409\/revisions\/1179"}],"wp:featuredmedia":[{"embeddable":true,"href":"https:\/\/www.hsw-kuznia.pl\/pl\/wp-json\/wp\/v2\/media\/373"}],"wp:attachment":[{"href":"https:\/\/www.hsw-kuznia.pl\/pl\/wp-json\/wp\/v2\/media?parent=409"}],"curies":[{"name":"wp","href":"https:\/\/api.w.org\/{rel}","templated":true}]}}