{"id":427,"date":"2024-02-18T09:47:27","date_gmt":"2024-02-18T08:47:27","guid":{"rendered":"http:\/\/www.hsw-kuznia.pl\/?page_id=427"},"modified":"2025-12-10T12:54:26","modified_gmt":"2025-12-10T11:54:26","slug":"jakosc-2","status":"publish","type":"page","link":"https:\/\/www.hsw-kuznia.pl\/pl\/jakosc-2\/","title":{"rendered":"JAKO\u015a\u0106"},"content":{"rendered":"<p><center><strong>KUCIE ODKUWEK I PRET\u00d3W<\/strong><\/center><strong>&#8211; wg programu kucia z wsadu powierzonego (max ci\u0119\u017car 10 Mg).<\/strong><\/p>\n<p><center><strong>OBR\u00d3BKA CIEPLNA<\/strong><\/center>odkuwek, odlew\u00f3w, wyrob\u00f3w walcowych, konstrukcji spawanych<\/p>\n<p><strong>&#8211; ulepszenie cieplne:<\/strong><a href=\"http:\/\/www.hsw-kuznia.pl\/wp-content\/uploads\/2024\/02\/MG_8941-scaled-1.jpg\" data-lbwps-width=\"1707\" data-lbwps-height=\"2560\" data-lbwps-srcsmall=\"https:\/\/www.hsw-kuznia.pl\/wp-content\/uploads\/2024\/02\/MG_8941-scaled-1.jpg\"><img loading=\"lazy\" decoding=\"async\" class=\" wp-image-891 alignright\" style=\"text-align: -webkit-center;\" src=\"http:\/\/www.hsw-kuznia.pl\/wp-content\/uploads\/2024\/02\/MG_8941-scaled-1.jpg\" alt=\"\" width=\"537\" height=\"806\" \/><\/a><\/p>\n<p><img loading=\"lazy\" decoding=\"async\" class=\"alignnone wp-image-808\" src=\"http:\/\/www.hsw-kuznia.pl\/wp-content\/uploads\/2024\/02\/kolkoSkreslone.png.png\" alt=\"\" width=\"13\" height=\"13\" \/>\u00a0 <img loading=\"lazy\" decoding=\"async\" class=\"alignnone wp-image-807\" src=\"http:\/\/www.hsw-kuznia.pl\/wp-content\/uploads\/2024\/02\/kwadratSkreslone-1.png\" alt=\"\" width=\"13\" height=\"13\" \/> max 750 mm, d\u0142ugo\u015b\u0107 max 7000 mm, ci\u0119\u017car max 10 Mg<br \/>\n<img loading=\"lazy\" decoding=\"async\" class=\"alignnone wp-image-808\" src=\"http:\/\/www.hsw-kuznia.pl\/wp-content\/uploads\/2024\/02\/kolkoSkreslone.png.png\" alt=\"\" width=\"13\" height=\"13\" \/>\u00a0 <img loading=\"lazy\" decoding=\"async\" class=\"alignnone wp-image-807\" src=\"http:\/\/www.hsw-kuznia.pl\/wp-content\/uploads\/2024\/02\/kwadratSkreslone-1.png\" alt=\"\" width=\"13\" height=\"13\" \/> 650 mm \u00f7 2000 mm o d\u0142ugo\u015bciach wynikowych, ci\u0119\u017car max 5 Mg dla pier\u015bcieni, kr\u0105\u017ck\u00f3w, kostek i p\u0142yt wymiar max 2000mm, ci\u0119\u017car max 5 Mg<\/p>\n<p><strong>&#8211; wy\u017carzanie zmi\u0119kczaj\u0105ce, normalizowanie, odpr\u0119\u017canie:<\/strong><\/p>\n<p>d\u0142ugo\u015b\u0107 max 8500 mm, szer. max 2000 mm, wys. max 2000 mm lub<br \/>\nd\u0142ugo\u015b\u0107 max 5000 mm, szer. max 3000 mm, wys. max 1700 mm.<\/p>\n<p><strong>OBR\u00d3BKA SKRAWANIEM<\/strong> (zgrubna)<\/p>\n<p><strong>&#8211; toczenie:<\/strong><strong><br \/>\n<img loading=\"lazy\" decoding=\"async\" class=\"alignnone wp-image-808\" src=\"http:\/\/www.hsw-kuznia.pl\/wp-content\/uploads\/2024\/02\/kolkoSkreslone.png.png\" alt=\"\" width=\"13\" height=\"13\" \/><\/strong> 50 mm \u00f7 <img loading=\"lazy\" decoding=\"async\" class=\"alignnone wp-image-808\" src=\"http:\/\/www.hsw-kuznia.pl\/wp-content\/uploads\/2024\/02\/kolkoSkreslone.png.png\" alt=\"\" width=\"13\" height=\"13\" \/> 100 mm &#8211; Lmax 2500 mm<br \/>\n<strong><img loading=\"lazy\" decoding=\"async\" class=\"alignnone wp-image-808\" src=\"http:\/\/www.hsw-kuznia.pl\/wp-content\/uploads\/2024\/02\/kolkoSkreslone.png.png\" alt=\"\" width=\"13\" height=\"13\" \/><\/strong> 101 mm \u00f7 <img loading=\"lazy\" decoding=\"async\" class=\"alignnone wp-image-808\" src=\"http:\/\/www.hsw-kuznia.pl\/wp-content\/uploads\/2024\/02\/kolkoSkreslone.png.png\" alt=\"\" width=\"13\" height=\"13\" \/> 200 mm &#8211; Lmax 4000 mm<br \/>\n<strong><img loading=\"lazy\" decoding=\"async\" class=\"alignnone wp-image-808\" src=\"http:\/\/www.hsw-kuznia.pl\/wp-content\/uploads\/2024\/02\/kolkoSkreslone.png.png\" alt=\"\" width=\"13\" height=\"13\" \/><\/strong> 201 mm \u00f7 <img loading=\"lazy\" decoding=\"async\" class=\"alignnone wp-image-808\" src=\"http:\/\/www.hsw-kuznia.pl\/wp-content\/uploads\/2024\/02\/kolkoSkreslone.png.png\" alt=\"\" width=\"13\" height=\"13\" \/> 950 mm &#8211; Lmax 7000 mm<strong><br \/>\n<\/strong><\/p>\n<p><strong>&#8211; frezowanie:<br \/>\n<\/strong><img loading=\"lazy\" decoding=\"async\" class=\"alignnone wp-image-807\" src=\"http:\/\/www.hsw-kuznia.pl\/wp-content\/uploads\/2024\/02\/kwadratSkreslone-1.png\" alt=\"\" width=\"13\" height=\"13\" \/> max 800mm Lmax 3000 mm<\/p>\n<p><strong>&#8211; wiercenie otwor\u00f3w:<\/strong><strong><br \/>\n<img loading=\"lazy\" decoding=\"async\" class=\"alignnone wp-image-808\" src=\"http:\/\/www.hsw-kuznia.pl\/wp-content\/uploads\/2024\/02\/kolkoSkreslone.png.png\" alt=\"\" width=\"13\" height=\"13\" \/><\/strong> 55 mm \u00f7 <img loading=\"lazy\" decoding=\"async\" class=\"alignnone wp-image-808\" src=\"http:\/\/www.hsw-kuznia.pl\/wp-content\/uploads\/2024\/02\/kolkoSkreslone.png.png\" alt=\"\" width=\"13\" height=\"13\" \/> 110 mm &#8211; Lmax 6000 mm<br \/>\n<strong><img loading=\"lazy\" decoding=\"async\" class=\"alignnone wp-image-808\" src=\"http:\/\/www.hsw-kuznia.pl\/wp-content\/uploads\/2024\/02\/kolkoSkreslone.png.png\" alt=\"\" width=\"13\" height=\"13\" \/><\/strong> 145 mm \u00f7 <img loading=\"lazy\" decoding=\"async\" class=\"alignnone wp-image-808\" src=\"http:\/\/www.hsw-kuznia.pl\/wp-content\/uploads\/2024\/02\/kolkoSkreslone.png.png\" alt=\"\" width=\"13\" height=\"13\" \/> 220 mm &#8211; Lmax 2500 mm<\/p>\n<p><strong>&#8211; ci\u0119cie pi\u0142\u0105:<br \/>\n<\/strong><img loading=\"lazy\" decoding=\"async\" class=\"alignnone wp-image-808\" src=\"http:\/\/www.hsw-kuznia.pl\/wp-content\/uploads\/2024\/02\/kolkoSkreslone.png.png\" alt=\"\" width=\"13\" height=\"13\" \/>\u00a0 <img loading=\"lazy\" decoding=\"async\" class=\"alignnone wp-image-807\" src=\"http:\/\/www.hsw-kuznia.pl\/wp-content\/uploads\/2024\/02\/kwadratSkreslone-1.png\" alt=\"\" width=\"13\" height=\"13\" \/> max 800 mm<\/p>\n<p><strong>BADANIA:<br \/>\n<\/strong>&#8211; w\u0142asno\u015bci wytrzyma\u0142o\u015bciowych, twardo\u015bci, defektoskopowe (UT)<\/p>\n","protected":false},"excerpt":{"rendered":"<p>KUCIE ODKUWEK I PRET\u00d3W&#8211; wg programu kucia z wsadu powierzonego (max ci\u0119\u017car 10 Mg). OBR\u00d3BKA CIEPLNAodkuwek, odlew\u00f3w, wyrob\u00f3w walcowych, konstrukcji spawanych &#8211; ulepszenie cieplne: \u00a0 max 750 mm, d\u0142ugo\u015b\u0107 max &hellip; <\/p>\n","protected":false},"author":1,"featured_media":373,"parent":0,"menu_order":0,"comment_status":"closed","ping_status":"closed","template":"","meta":{"footnotes":""},"class_list":["post-427","page","type-page","status-publish","has-post-thumbnail","hentry"],"_links":{"self":[{"href":"https:\/\/www.hsw-kuznia.pl\/pl\/wp-json\/wp\/v2\/pages\/427","targetHints":{"allow":["GET"]}}],"collection":[{"href":"https:\/\/www.hsw-kuznia.pl\/pl\/wp-json\/wp\/v2\/pages"}],"about":[{"href":"https:\/\/www.hsw-kuznia.pl\/pl\/wp-json\/wp\/v2\/types\/page"}],"author":[{"embeddable":true,"href":"https:\/\/www.hsw-kuznia.pl\/pl\/wp-json\/wp\/v2\/users\/1"}],"replies":[{"embeddable":true,"href":"https:\/\/www.hsw-kuznia.pl\/pl\/wp-json\/wp\/v2\/comments?post=427"}],"version-history":[{"count":8,"href":"https:\/\/www.hsw-kuznia.pl\/pl\/wp-json\/wp\/v2\/pages\/427\/revisions"}],"predecessor-version":[{"id":1133,"href":"https:\/\/www.hsw-kuznia.pl\/pl\/wp-json\/wp\/v2\/pages\/427\/revisions\/1133"}],"wp:featuredmedia":[{"embeddable":true,"href":"https:\/\/www.hsw-kuznia.pl\/pl\/wp-json\/wp\/v2\/media\/373"}],"wp:attachment":[{"href":"https:\/\/www.hsw-kuznia.pl\/pl\/wp-json\/wp\/v2\/media?parent=427"}],"curies":[{"name":"wp","href":"https:\/\/api.w.org\/{rel}","templated":true}]}}